{"id":141,"date":"2024-01-31T18:59:38","date_gmt":"2024-01-31T17:59:38","guid":{"rendered":"http:\/\/bbb-ennevelin.org\/?page_id=141"},"modified":"2024-01-31T19:22:39","modified_gmt":"2024-01-31T18:22:39","slug":"nos-agriculteurs-a-ennevelin-gardiens-de-notre-patrimoine-de-la-terre","status":"publish","type":"page","link":"http:\/\/bbb-ennevelin.org\/index.php\/nos-agriculteurs-a-ennevelin-gardiens-de-notre-patrimoine-de-la-terre\/","title":{"rendered":"Nos agriculteurs \u00e0 Ennevelin"},"content":{"rendered":"\n<p>Parfois injuri\u00e9s par des habitants du village quand ils pulv\u00e9risent des pesticides, nos agriculteurs sont \u00e0 la fois reconnus pour leur courage au travail, qui plus est, soutenus par une tr\u00e8s forte majorit\u00e9 des fran\u00e7ais et critiqu\u00e9s par leurs pratiques.<\/p>\n\n\n\n<p>Paperasse, r\u00e9glementation, ennuis : et si ceux qui les critiquent se mettaient \u00e0 leur place et prenez les commandes, qu&#8217;est-ce \u00e7a donnerait? Le paysage de l&#8217;agriculture en France est \u00e0 l&#8217;image de notre soci\u00e9t\u00e9 : des exploitants tr\u00e8s riches, d&#8217;autres qui juste vivent et enfin d&#8217;autres qui peinent \u00e0 survivre et c\u00f4toient le d\u00e9sespoir au quotidien.<\/p>\n\n\n\n<p>Chez BBB, nous consid\u00e9rons nos agriculteurs comme nos gardiens de la terre. D\u00e9veloppons notre capacit\u00e9 de changer de point de vue et de se mettre &#8220;\u00e0 la place de&#8221;. Cette page est d\u00e9di\u00e9e \u00e0 nos amis agriculteurs exploitants, travaillant sur Ennevelin, et aux opportunit\u00e9s formidables qui perceront dans le futur. <\/p>\n","protected":false},"excerpt":{"rendered":"<p>Parfois injuri\u00e9s par des habitants du village quand ils pulv\u00e9risent des pesticides, nos agriculteurs sont \u00e0 la fois reconnus pour leur courage au travail, qui plus est, soutenus par une tr\u00e8s forte majorit\u00e9 des fran\u00e7ais et critiqu\u00e9s par leurs pratiques. Paperasse, r\u00e9glementation, ennuis : et si ceux qui les critiquent se mettaient \u00e0 leur place [&hellip;]<\/p>\n","protected":false},"author":1,"featured_media":0,"parent":0,"menu_order":0,"comment_status":"closed","ping_status":"closed","template":"","meta":{"footnotes":""},"class_list":["post-141","page","type-page","status-publish","hentry"],"_links":{"self":[{"href":"http:\/\/bbb-ennevelin.org\/index.php\/wp-json\/wp\/v2\/pages\/141","targetHints":{"allow":["GET"]}}],"collection":[{"href":"http:\/\/bbb-ennevelin.org\/index.php\/wp-json\/wp\/v2\/pages"}],"about":[{"href":"http:\/\/bbb-ennevelin.org\/index.php\/wp-json\/wp\/v2\/types\/page"}],"author":[{"embeddable":true,"href":"http:\/\/bbb-ennevelin.org\/index.php\/wp-json\/wp\/v2\/users\/1"}],"replies":[{"embeddable":true,"href":"http:\/\/bbb-ennevelin.org\/index.php\/wp-json\/wp\/v2\/comments?post=141"}],"version-history":[{"count":7,"href":"http:\/\/bbb-ennevelin.org\/index.php\/wp-json\/wp\/v2\/pages\/141\/revisions"}],"predecessor-version":[{"id":152,"href":"http:\/\/bbb-ennevelin.org\/index.php\/wp-json\/wp\/v2\/pages\/141\/revisions\/152"}],"wp:attachment":[{"href":"http:\/\/bbb-ennevelin.org\/index.php\/wp-json\/wp\/v2\/media?parent=141"}],"curies":[{"name":"wp","href":"https:\/\/api.w.org\/{rel}","templated":true}]}}