{"id":9,"date":"2023-10-30T16:10:55","date_gmt":"2023-10-30T15:10:55","guid":{"rendered":"http:\/\/bbb-ennevelin.org\/?page_id=9"},"modified":"2024-11-03T16:52:57","modified_gmt":"2024-11-03T15:52:57","slug":"bbb-projet-sentier-nourricier-2024","status":"publish","type":"page","link":"http:\/\/bbb-ennevelin.org\/","title":{"rendered":"Projet Sentier Nourricier 2024"},"content":{"rendered":"\n<p>Apr\u00e8s accord de principe de la Mairie d&#8217;Ennevelin en 2023, nous commen\u00e7ons \u00e0 travailler sur <strong>un sentier de 4km dans Ennevelin.<\/strong><br>Un premier am\u00e9nagement pourrait voir le jour en novembre 2024 en lien avec la mairie.<\/p>\n\n\n\n<p>Retrouvez sur la <a href=\"http:\/\/bbb-ennevelin.org\/index.php\/groupes-de-travail\/\">page Groupes de travail<\/a>, l&#8217;\u00e9tat actuel des actions men\u00e9es et \u00e0 venir.<\/p>\n\n\n\n<p><strong>Un principe : nourrir et s&#8217;\u00e9merveiller, en :<\/strong><\/p>\n\n\n\n<ul class=\"wp-block-list\">\n<li>recherchant l\u2019\u00e9veil des 5 sens dans ce qui est Beau, Bien et Bon pour les habitants,<\/li>\n\n\n\n<li>se nourrissant d\u2019aliments mais aussi de d\u00e9couvertes, d\u2019instants, de rencontres, de jeux&#8230;<\/li>\n<\/ul>\n\n\n\n<p><strong>Un projet sur le long terme pour :<\/strong><\/p>\n\n\n\n<ul class=\"wp-block-list\">\n<li>se projeter, travailler \u00e0 partager la vision, planifier,<\/li>\n\n\n\n<li>proc\u00e9der \u00e0 des am\u00e9nagements \u00e0 courts, moyens et longs termes dans la recherche de frugalit\u00e9,<\/li>\n\n\n\n<li>red\u00e9velopper des savoirs : bouturage, marcottage&#8230;<\/li>\n\n\n\n<li>mobiliser collectivement les habitants.<\/li>\n<\/ul>\n\n\n\n<p><strong>Un appel aux experts dans leur domaine<\/strong><\/p>\n\n\n\n<ul class=\"wp-block-list\">\n<li>Vous ne fa\u00eetes pas parti(e) de BBB, venez apporter d\u00e8s \u00e0 pr\u00e9sent votre expertise sur un sujet en particulier pour mettre en valeur ce sentier nourricier.<\/li>\n<\/ul>\n\n\n\n<p><strong>Le parcours est le suivant en pointill\u00e9s rouges (d\u00e9part de la m\u00e9diath\u00e8que au sud du Point 1 vers la ferme d&#8217;Aigremont au Sud) :<\/strong><\/p>\n\n\n\n<figure class=\"wp-block-image\"><img fetchpriority=\"high\" decoding=\"async\" width=\"1146\" height=\"1411\" src=\"http:\/\/bbb-ennevelin.org\/wp-content\/uploads\/2023\/10\/chemin_nourricier_BBB_Ennevelin.jpg\" alt=\"Chemin nourricier \u00e0 Ennevelin\" class=\"wp-image-49\"\/><\/figure>\n","protected":false},"excerpt":{"rendered":"<p>Apr\u00e8s accord de principe de la Mairie d&#8217;Ennevelin en 2023, nous commen\u00e7ons \u00e0 travailler sur un sentier de 4km dans Ennevelin.Un premier am\u00e9nagement pourrait voir le jour en novembre 2024 en lien avec la mairie. Retrouvez sur la page Groupes de travail, l&#8217;\u00e9tat actuel des actions men\u00e9es et \u00e0 venir. Un principe : nourrir et [&hellip;]<\/p>\n","protected":false},"author":1,"featured_media":0,"parent":0,"menu_order":0,"comment_status":"closed","ping_status":"closed","template":"","meta":{"footnotes":""},"class_list":["post-9","page","type-page","status-publish","hentry"],"_links":{"self":[{"href":"http:\/\/bbb-ennevelin.org\/index.php\/wp-json\/wp\/v2\/pages\/9","targetHints":{"allow":["GET"]}}],"collection":[{"href":"http:\/\/bbb-ennevelin.org\/index.php\/wp-json\/wp\/v2\/pages"}],"about":[{"href":"http:\/\/bbb-ennevelin.org\/index.php\/wp-json\/wp\/v2\/types\/page"}],"author":[{"embeddable":true,"href":"http:\/\/bbb-ennevelin.org\/index.php\/wp-json\/wp\/v2\/users\/1"}],"replies":[{"embeddable":true,"href":"http:\/\/bbb-ennevelin.org\/index.php\/wp-json\/wp\/v2\/comments?post=9"}],"version-history":[{"count":9,"href":"http:\/\/bbb-ennevelin.org\/index.php\/wp-json\/wp\/v2\/pages\/9\/revisions"}],"predecessor-version":[{"id":156,"href":"http:\/\/bbb-ennevelin.org\/index.php\/wp-json\/wp\/v2\/pages\/9\/revisions\/156"}],"wp:attachment":[{"href":"http:\/\/bbb-ennevelin.org\/index.php\/wp-json\/wp\/v2\/media?parent=9"}],"curies":[{"name":"wp","href":"https:\/\/api.w.org\/{rel}","templated":true}]}}